{"id":815,"date":"2020-09-02T12:55:52","date_gmt":"2020-09-02T15:55:52","guid":{"rendered":"https:\/\/iset-bue.infd.edu.ar\/sitio\/?page_id=815"},"modified":"2022-09-01T20:00:01","modified_gmt":"2022-09-01T23:00:01","slug":"instrumentacion-quirurgica","status":"publish","type":"page","link":"https:\/\/iset-bue.infd.edu.ar\/sitio\/catalogo\/instrumentacion-quirurgica\/","title":{"rendered":"Instrumentaci\u00f3n Quir\u00fargica"},"content":{"rendered":"<h4><span class=\"fontstyle0\">TECNICATURA SUPERIOR&nbsp;EN INSTRUMENTACI\u00d3N QUIR\u00daRGICA <\/span><\/h4>\n<h4><span class=\"fontstyle0\">T\u00cdTULO:&nbsp;T\u00c9CNICO SUPERIOR EN INSTRUMENTACI\u00d3N QUIR\u00daRGICA<br \/>\n<\/span><\/h4>\n<ul>\n<li>\n<pre>Acerca de la carrera\n\n<span class=\"fontstyle0\">El rol del Instrumentador\/a Quir\u00fargico\/a ha evolucionado y se ha expandido de tal manera en las \u00faltimas d\u00e9cadas, \nque hace necesaria una rigurosa formaci\u00f3n t\u00e9cnica de nivel Superior. Actualmente el\/a Instrumentador\/a Quir\u00fargico\/a \nes un miembro de vital importancia dentro del equipo quir\u00fargico, realizando tareas que van desde las m\u00e1s simples \nhasta las de m\u00e1s alta complejidad.\nLos adelantos en cirug\u00eda, los nuevos desarrollos en tecnolog\u00eda e instrumentos, el refuerzo y la actualizaci\u00f3n de \nconocimientos y destrezas, as\u00ed como el desarrollo de nuevos est\u00e1ndares t\u00e9cnicos y administrativos y los nuevos \nconceptos sobre la atenci\u00f3n del paciente, hacen necesario delimitar un perfil profesional que responda a estas\ndemandas.<\/span><\/pre>\n<\/li>\n<li>\n<pre><a href=\"https:\/\/drive.google.com\/file\/d\/1kv4OYHOYyYG61hcg88ajUrSr_DZ1JzHM\/view?usp=sharing\" target=\"_blank\" rel=\"noopener\">Plan de estudios<\/a>\n\n<span class=\"fontstyle0\">RESOLUCI\u00d3N N\u00b0 <\/span><span class=\"fontstyle0\">5620\/19\n<\/span><span class=\"fontstyle0\">DURACI\u00d3N: 3 a\u00f1os\nCANTIDAD DE HORAS: 2016 horas<\/span><\/pre>\n<\/li>\n<li>\n<pre>Perfil del Egresado\n\n<span class=\"fontstyle0\">El T\u00e9cnico Superior en Instrumentaci\u00f3n quir\u00fargica est\u00e1 capacitado, de acuerdo a las actividades que se desarrollan \nen el perfil profesional, para realizar el proceso de instrumentaci\u00f3n quir\u00fargica, instrumentar los distintos procedimientos \nquir\u00fargicos en las distintas especialidades; asistir, controlar, supervisar, evaluar y coordinar en lo que ata\u00f1e a su tarea \nespec\u00edfica, el proceso de atenci\u00f3n del paciente desde su ingreso a las \u00e1reas de actividad quir\u00fargica hasta su egreso de la \nsala de recuperaci\u00f3n post-anest\u00e9sica, realizadas con autonom\u00eda t\u00e9cnica, dentro de los l\u00edmites de su competencia que \nderiva de las incumbencias del t\u00edtulo habilitante. Est\u00e1 preparado para otras tareas que se relacionan con acciones \nsanitarias, comunitarias y de \u00edndole jur\u00eddicas pericial en el marco de la garant\u00eda de calidad, \u00e9tica y responsabilidad \nprofesional. As\u00ed mismo ser\u00e1 considerado ejercicio del<\/span> <span class=\"fontstyle0\">instrumentador\/a quir\u00fargico\/a la docencia, investigaci\u00f3n y \nasesoramiento en temas de su incumbencia y la organizaci\u00f3n y control de calidad. Circular y atender los procedimientos \nquir\u00fargicos en las diferentes \u00e1reas en las que se desarrollan, gestionar su \u00e1mbito de trabajo, garantizar la calidad en el \nproceso de instrumentaci\u00f3n. <\/span><\/pre>\n<\/li>\n<\/ul>\n<h4><\/h4>\n","protected":false},"excerpt":{"rendered":"<p>TECNICATURA SUPERIOR&nbsp;EN INSTRUMENTACI\u00d3N QUIR\u00daRGICA T\u00cdTULO:&nbsp;T\u00c9CNICO SUPERIOR EN INSTRUMENTACI\u00d3N QUIR\u00daRGICA Acerca de la carrera El rol del Instrumentador\/a Quir\u00fargico\/a ha evolucionado y se ha expandido de tal manera en las \u00faltimas d\u00e9cadas, que hace necesaria una rigurosa formaci\u00f3n t\u00e9cnica de nivel Superior. Actualmente el\/a Instrumentador\/a Quir\u00fargico\/a es un miembro de vital importancia dentro del equipo quir\u00fargico, &#8230; <a title=\"Instrumentaci\u00f3n Quir\u00fargica\" class=\"read-more\" href=\"https:\/\/iset-bue.infd.edu.ar\/sitio\/catalogo\/instrumentacion-quirurgica\/\" aria-label=\"More on Instrumentaci\u00f3n Quir\u00fargica\">[+]<\/a><\/p>\n","protected":false},"author":14,"featured_media":0,"parent":644,"menu_order":0,"comment_status":"closed","ping_status":"closed","template":"","meta":[],"acf":[],"_links":{"self":[{"href":"https:\/\/iset-bue.infd.edu.ar\/sitio\/wp-json\/wp\/v2\/pages\/815"}],"collection":[{"href":"https:\/\/iset-bue.infd.edu.ar\/sitio\/wp-json\/wp\/v2\/pages"}],"about":[{"href":"https:\/\/iset-bue.infd.edu.ar\/sitio\/wp-json\/wp\/v2\/types\/page"}],"author":[{"embeddable":true,"href":"https:\/\/iset-bue.infd.edu.ar\/sitio\/wp-json\/wp\/v2\/users\/14"}],"replies":[{"embeddable":true,"href":"https:\/\/iset-bue.infd.edu.ar\/sitio\/wp-json\/wp\/v2\/comments?post=815"}],"version-history":[{"count":11,"href":"https:\/\/iset-bue.infd.edu.ar\/sitio\/wp-json\/wp\/v2\/pages\/815\/revisions"}],"predecessor-version":[{"id":1008,"href":"https:\/\/iset-bue.infd.edu.ar\/sitio\/wp-json\/wp\/v2\/pages\/815\/revisions\/1008"}],"up":[{"embeddable":true,"href":"https:\/\/iset-bue.infd.edu.ar\/sitio\/wp-json\/wp\/v2\/pages\/644"}],"wp:attachment":[{"href":"https:\/\/iset-bue.infd.edu.ar\/sitio\/wp-json\/wp\/v2\/media?parent=815"}],"curies":[{"name":"wp","href":"https:\/\/api.w.org\/{rel}","templated":true}]}}