{"id":800,"date":"2020-09-02T12:25:28","date_gmt":"2020-09-02T15:25:28","guid":{"rendered":"https:\/\/iset-bue.infd.edu.ar\/sitio\/?page_id=800"},"modified":"2022-09-01T19:58:51","modified_gmt":"2022-09-01T22:58:51","slug":"analista-de-sistemas","status":"publish","type":"page","link":"https:\/\/iset-bue.infd.edu.ar\/sitio\/catalogo\/analista-de-sistemas\/","title":{"rendered":"An\u00e1lisis de Sistemas"},"content":{"rendered":"<h4><span class=\"fontstyle0\">T<\/span><span class=\"fontstyle0\">ECNICATURA <\/span><span class=\"fontstyle0\">S<\/span><span class=\"fontstyle0\">UPERIOR&nbsp;EN <\/span><span class=\"fontstyle0\">A<\/span><span class=\"fontstyle0\">N\u00c1LISIS DE <\/span><span class=\"fontstyle0\">S<\/span><span class=\"fontstyle0\">ISTEMAS<br \/>\n<\/span><span class=\"fontstyle0\">T\u00cdTULO:&nbsp;A<\/span><span class=\"fontstyle0\">NALISTA DE <\/span><span class=\"fontstyle0\">S<\/span><span class=\"fontstyle0\">ISTEMAS<\/span><\/h4>\n<ul>\n<li>\n<pre>Acerca de la carrera\n\n<span class=\"fontstyle0\">El an\u00e1lisis de sistemas permite la racionalizaci\u00f3n y automatizaci\u00f3n de los sistemas de informaci\u00f3n para\nagilizar y optimizar tanto procedimientos como m\u00e9todos. Asimismo, posibilita el ahorro de tiempo y\nmaterial, disminuyendo costos y aumentando los controles efectivos y aprovechamiento correcto del\nespacio f\u00edsico.\nEl profesional en An\u00e1lisis de Sistemas se encuentra relacionado con cualquier tipo de organizaci\u00f3n que\nincluya sistemas de informaci\u00f3n y requiera de su an\u00e1lisis para la toma de decisiones en relaci\u00f3n a procesos\nindustriales, administrativos, econ\u00f3micos, escolares, entre otros. Por ello, se propone una formaci\u00f3n\nespec\u00edfica en lo que respecta al \u00e1mbito de la inform\u00e1tica, los sistemas de informaci\u00f3n, programaci\u00f3n,\nsoftware, entre otros; que colaboran con el conocimiento del marco organizacional en el que pueden\ndesarrollarse profesionalmente. Asimismo, la carrera contempla aquellos saberes que les permitan\ncomprender los avances cient\u00edfico-tecnol\u00f3gicos para que logren un perfeccionamiento continuo.<\/span><\/pre>\n<\/li>\n<li>\n<pre><a href=\"https:\/\/drive.google.com\/file\/d\/1xXkOhnolG9hblfyaOZK2w_ELSZjB3sbG\/view?usp=sharing\" target=\"_blank\" rel=\"noopener\">Plan de estudios<\/a>\n\n<span class=\"fontstyle0\">RESOLUCI\u00d3N N\u00b0 6790<\/span><span class=\"fontstyle0\">\/19<\/span> \n<span class=\"fontstyle0\">DURACI\u00d3N: 3 a\u00f1os\nCANTIDAD DE HORAS: 1856 horas<\/span><\/pre>\n<\/li>\n<li>\n<pre>Perfil del Egresado\n\n<span class=\"fontstyle0\">El Analista de Sistemas estar\u00e1 capacitado para planificar y gestionar un proyecto de desarrollo, as\u00ed como\ntambi\u00e9n para diagnosticar problemas y dise\u00f1ar soluciones inform\u00e1ticas de las organizaciones que as\u00ed lo\nrequieran. Estas competencias ser\u00e1n<\/span> <span class=\"fontstyle0\">desarrolladas seg\u00fan las incumbencias y las normas t\u00e9cnicas y legales\nque rigen su campo.<\/span><\/pre>\n<\/li>\n<\/ul>\n","protected":false},"excerpt":{"rendered":"<p>TECNICATURA SUPERIOR&nbsp;EN AN\u00c1LISIS DE SISTEMAS T\u00cdTULO:&nbsp;ANALISTA DE SISTEMAS Acerca de la carrera El an\u00e1lisis de sistemas permite la racionalizaci\u00f3n y automatizaci\u00f3n de los sistemas de informaci\u00f3n para agilizar y optimizar tanto procedimientos como m\u00e9todos. Asimismo, posibilita el ahorro de tiempo y material, disminuyendo costos y aumentando los controles efectivos y aprovechamiento correcto del espacio f\u00edsico. &#8230; <a title=\"An\u00e1lisis de Sistemas\" class=\"read-more\" href=\"https:\/\/iset-bue.infd.edu.ar\/sitio\/catalogo\/analista-de-sistemas\/\" aria-label=\"More on An\u00e1lisis de Sistemas\">[+]<\/a><\/p>\n","protected":false},"author":14,"featured_media":0,"parent":644,"menu_order":0,"comment_status":"closed","ping_status":"closed","template":"","meta":[],"acf":[],"_links":{"self":[{"href":"https:\/\/iset-bue.infd.edu.ar\/sitio\/wp-json\/wp\/v2\/pages\/800"}],"collection":[{"href":"https:\/\/iset-bue.infd.edu.ar\/sitio\/wp-json\/wp\/v2\/pages"}],"about":[{"href":"https:\/\/iset-bue.infd.edu.ar\/sitio\/wp-json\/wp\/v2\/types\/page"}],"author":[{"embeddable":true,"href":"https:\/\/iset-bue.infd.edu.ar\/sitio\/wp-json\/wp\/v2\/users\/14"}],"replies":[{"embeddable":true,"href":"https:\/\/iset-bue.infd.edu.ar\/sitio\/wp-json\/wp\/v2\/comments?post=800"}],"version-history":[{"count":20,"href":"https:\/\/iset-bue.infd.edu.ar\/sitio\/wp-json\/wp\/v2\/pages\/800\/revisions"}],"predecessor-version":[{"id":1005,"href":"https:\/\/iset-bue.infd.edu.ar\/sitio\/wp-json\/wp\/v2\/pages\/800\/revisions\/1005"}],"up":[{"embeddable":true,"href":"https:\/\/iset-bue.infd.edu.ar\/sitio\/wp-json\/wp\/v2\/pages\/644"}],"wp:attachment":[{"href":"https:\/\/iset-bue.infd.edu.ar\/sitio\/wp-json\/wp\/v2\/media?parent=800"}],"curies":[{"name":"wp","href":"https:\/\/api.w.org\/{rel}","templated":true}]}}