{"id":286,"date":"2016-10-31T13:17:59","date_gmt":"2016-10-31T16:17:59","guid":{"rendered":"https:\/\/iset-bue.infd.edu.ar\/sitio\/?page_id=286"},"modified":"2022-09-29T20:18:46","modified_gmt":"2022-09-29T23:18:46","slug":"inicio","status":"publish","type":"page","link":"https:\/\/iset-bue.infd.edu.ar\/sitio\/","title":{"rendered":"El Instituto"},"content":{"rendered":"<h2>El Instituto<\/h2>\n\n<p>El Instituto Superior de Estudios T\u00e9cnicos I.S.E.T. abri\u00f3 sus puertas en el a\u00f1o 1999, con el dictado de la Carrera Analistas en Calidad de Alimentos. Actualmente, su oferta educativa se ampli\u00f3 con la finalidad de contribuir a la formaci\u00f3n integral de T\u00e9cnicos Profesionales en distintas \u00e1reas.<\/p>\n<p>Las Carreras que se dictan, responden a la demanda laboral de la ciudad y zona. La Carrera de Analista en Calidad de Alimentos, tiene un importante impacto en la industria pesquera, frutihort\u00edcola y de la carne. Las Carreras de Sistemas contemplan la vacancia de formaci\u00f3n en \u00e1reas como Programaci\u00f3n y Computaci\u00f3n; mientras que las distintas Especialidades de las Carreras de Salud, articulan con las necesidades de recursos humanos del sector, con la Secretar\u00eda de Salud de la MGP.<\/p>\n\n<div  class=\"lgc-column lgc-grid-parent lgc-grid-160 lgc-tablet-grid-40 lgc-mobile-grid-100 lgc-equal-heights \"><div  class=\"inside-grid-column\">\n<div class=\"mapouter\">\n<div class=\"gmap_canvas\"><iframe loading=\"lazy\" id=\"gmap_canvas\" src=\"https:\/\/maps.google.com\/maps?q=bernardo%20de%20irigoyen%204951&amp;t=k&amp;z=17&amp;ie=UTF8&amp;iwloc=&amp;output=embed\" width=\"1024\" height=\"500\" frameborder=\"0\" marginwidth=\"0\" marginheight=\"0\" scrolling=\"no\"><\/iframe><\/div>\n<p><strong>Direcci\u00f3n: <a href=\"https:\/\/goo.gl\/maps\/rq7EtAHLQ3x6KkpPA\">Bernardo de Irigoyen 4951<\/a><br \/>\nTel\u00e9fono: 0223-489-3459<br \/>\nHorarios de atenci\u00f3n: Lunes a Viernes de 18 a 21 hs.<\/strong><\/p>\n<p><\/p><\/div><\/div><div class=\"lgc-clear\"><\/div><\/div>\n\n\n","protected":false},"excerpt":{"rendered":"<p>El Instituto El Instituto Superior de Estudios T\u00e9cnicos I.S.E.T. abri\u00f3 sus puertas en el a\u00f1o 1999, con el dictado de la Carrera Analistas en Calidad de Alimentos. Actualmente, su oferta educativa se ampli\u00f3 con la finalidad de contribuir a la formaci\u00f3n integral de T\u00e9cnicos Profesionales en distintas \u00e1reas. Las Carreras que se dictan, responden a &#8230; <a title=\"El Instituto\" class=\"read-more\" href=\"https:\/\/iset-bue.infd.edu.ar\/sitio\/\" aria-label=\"More on El Instituto\">[+]<\/a><\/p>\n","protected":false},"author":14,"featured_media":0,"parent":0,"menu_order":0,"comment_status":"closed","ping_status":"closed","template":"","meta":[],"acf":[],"_links":{"self":[{"href":"https:\/\/iset-bue.infd.edu.ar\/sitio\/wp-json\/wp\/v2\/pages\/286"}],"collection":[{"href":"https:\/\/iset-bue.infd.edu.ar\/sitio\/wp-json\/wp\/v2\/pages"}],"about":[{"href":"https:\/\/iset-bue.infd.edu.ar\/sitio\/wp-json\/wp\/v2\/types\/page"}],"author":[{"embeddable":true,"href":"https:\/\/iset-bue.infd.edu.ar\/sitio\/wp-json\/wp\/v2\/users\/14"}],"replies":[{"embeddable":true,"href":"https:\/\/iset-bue.infd.edu.ar\/sitio\/wp-json\/wp\/v2\/comments?post=286"}],"version-history":[{"count":114,"href":"https:\/\/iset-bue.infd.edu.ar\/sitio\/wp-json\/wp\/v2\/pages\/286\/revisions"}],"predecessor-version":[{"id":1071,"href":"https:\/\/iset-bue.infd.edu.ar\/sitio\/wp-json\/wp\/v2\/pages\/286\/revisions\/1071"}],"wp:attachment":[{"href":"https:\/\/iset-bue.infd.edu.ar\/sitio\/wp-json\/wp\/v2\/media?parent=286"}],"curies":[{"name":"wp","href":"https:\/\/api.w.org\/{rel}","templated":true}]}}